{"id":1268,"date":"2023-01-19T11:19:27","date_gmt":"2023-01-19T11:19:27","guid":{"rendered":"https:\/\/mkbalkan.com\/?page_id=1268"},"modified":"2023-01-19T11:20:25","modified_gmt":"2023-01-19T11:20:25","slug":"kako-je-nasto-klub","status":"publish","type":"page","link":"https:\/\/mkbalkan.com\/?page_id=1268","title":{"rendered":"Kako je nastao klub"},"content":{"rendered":"\n<p>Mnogi bajkeri sa Balkana koji su \u017eiveli u inostranstu su se podse\u010dali svojih prijatelja i rodbine \u017eeljni svega \u0161to su tamo imali.<br>Sedali su na \u010deli\u010dne konje i pun gass \u017eeljni Balkana (dru\u0161tva,rodbine,obi\u010daja,muzike,hrane).<br>Ujednom su obilazili klubove na Balkanu.<br>Jedan od njih kojeg se dobro se\u010dam Mk Kings-Kozarska Dubica 2005 g\u0111e se je svake godine skupilo veliko dru\u0161tvo da pojede vola na ra\u017enju uz ladno pivo tada su bile dozvoljene trke ubrzanja i naravno nave\u010de ko drugi nego Bora sa njegovom grupom Riblja \u010corba i mnoge druge klubove da ne nabrajam.<\/p>\n\n\n\n<p>2009 dru\u0161tvo odlu\u010di da kreira moto sekciju iz koje \u010de se naknadno 2017 godine razvit moto klub dana\u0161nji MK Balkan<\/p>\n\n\n\n<p>NACIJONALIZAM,<br>VJEROISPOVEST<br>SVI smo ISTI<\/p>\n\n\n\n<p><\/p>\n","protected":false},"excerpt":{"rendered":"<p>Mnogi bajkeri sa Balkana koji su \u017eiveli u inostranstu su se podse\u010dali svojih prijatelja i rodbine \u017eeljni svega \u0161to su tamo imali.Sedali su na \u010deli\u010dne konje i pun gass \u017eeljni Balkana (dru\u0161tva,rodbine,obi\u010daja,muzike,hrane).Ujednom su obilazili klubove na Balkanu.Jedan od njih kojeg se dobro se\u010dam Mk Kings-Kozarska Dubica 2005 g\u0111e se je&#8230;<\/p>\n","protected":false},"author":1,"featured_media":0,"parent":0,"menu_order":0,"comment_status":"closed","ping_status":"closed","template":"","meta":{"footnotes":""},"class_list":["post-1268","page","type-page","status-publish","hentry"],"_links":{"self":[{"href":"https:\/\/mkbalkan.com\/index.php?rest_route=\/wp\/v2\/pages\/1268","targetHints":{"allow":["GET"]}}],"collection":[{"href":"https:\/\/mkbalkan.com\/index.php?rest_route=\/wp\/v2\/pages"}],"about":[{"href":"https:\/\/mkbalkan.com\/index.php?rest_route=\/wp\/v2\/types\/page"}],"author":[{"embeddable":true,"href":"https:\/\/mkbalkan.com\/index.php?rest_route=\/wp\/v2\/users\/1"}],"replies":[{"embeddable":true,"href":"https:\/\/mkbalkan.com\/index.php?rest_route=%2Fwp%2Fv2%2Fcomments&post=1268"}],"version-history":[{"count":2,"href":"https:\/\/mkbalkan.com\/index.php?rest_route=\/wp\/v2\/pages\/1268\/revisions"}],"predecessor-version":[{"id":1270,"href":"https:\/\/mkbalkan.com\/index.php?rest_route=\/wp\/v2\/pages\/1268\/revisions\/1270"}],"wp:attachment":[{"href":"https:\/\/mkbalkan.com\/index.php?rest_route=%2Fwp%2Fv2%2Fmedia&parent=1268"}],"curies":[{"name":"wp","href":"https:\/\/api.w.org\/{rel}","templated":true}]}}