{"id":1272,"date":"2023-01-19T11:24:20","date_gmt":"2023-01-19T11:24:20","guid":{"rendered":"https:\/\/mkbalkan.com\/?page_id=1272"},"modified":"2023-01-19T11:24:20","modified_gmt":"2023-01-19T11:24:20","slug":"sastav-moto-kluba","status":"publish","type":"page","link":"https:\/\/mkbalkan.com\/?page_id=1272","title":{"rendered":"Sastav Moto Kluba"},"content":{"rendered":"\n<p>Founder<br>Osniva\u010d moto kluba je osoba ili osobe koje zapo\u010dinju odre\u0111eno poglavlje unutar grupe. \u010cim dobiju svoj motocikl, smatraju se osniva\u010dima, kao kreatorom poglavlja. Ako je osniva\u010d aktivan u ogranku, smatrat \u0107e se predsjednikom i imati iste du\u017enosti kao predsjednik. Ako postoji osniva\u010d i suosniva\u010d ili dva suosniva\u010da, oni \u0107e najvjerovatnije zadr\u017eati titulu predsjednika i potpredsjednika sa svojim du\u017enostima. Osniva\u010d ili Otac osniva\u010d uvijek ima glas na svim izborima za slu\u017ebenike. U slu\u010daju smrti osniva\u010da ili suosniva\u010da, glavni slu\u017ebenici Izvr\u0161nog odbora glasaju za novog predsjednika i\/ili potpredsjednika. Komitet se sastoji od predsjednika, potpredsjednika, sekretara, blagajnika i SGT at Arms, a kapetan puta je uklju\u010den kao \u010dlan bez prava glasa koji zamjenjuje bilo kojeg \u010dlana komisije kao zamjenik.<\/p>\n\n\n\n<p>Predsjednik<br>Predsjednik je predsjedavaju\u0107i izvr\u0161nog odbora i ujedno i glavni izvr\u0161ni direktor (CEO) ogranka. Sve stvari izme\u0111u kluba i bilo koje vanjske organizacije, poslovne ili druge osobe se iznose predsjedniku kako bi on mogao poduzeti mjere. Ako predsjednik nije dostupan da prisustvuje sastanku ogranka, potpredsjednik \u0107e slu\u017eiti kao predsjedavaju\u0107i. Predsjednik ne daje prijedloge i ne podr\u017eava bilo kakve prijedloge i mo\u017ee glasati samo o radnjama u kojima bi glasao nerije\u0161eno ili prekinuo nere\u0161eno glasanje. Predsjednik djeluje kao li\u010dni predstavnik kluba i mo\u017ee suditi stvari koje nisu u pravilima ogranka. On je veza izme\u0111u ostalih moto klubova, odnosa s javno\u0161\u0107u i policije. Zastupa klub u svim poslovnim ugovorima i promovi\u0161e klupski \u017eivot me\u0111u \u010dlanovima i \u010dlanovima porodice.<\/p>\n\n\n\n<p>Potpredsjednik<br>Potpredsjednik nadgleda planove klupskih doga\u0111aja i koordinira rad komisija. On tako\u0111er prenosi informacije izme\u0111u predsjednika i \u010dlanova poglavlja. Sva pitanja, komentari ili nedoumice drugih \u010dlanova odbora izla\u017eu se potpredsjednicima. Potpredsjednik je drugi po komandi ispod predsjednika i preuzima sve du\u017enosti predsjednika u njegovom odsustvu.<\/p>\n\n\n\n<p>SGT u oru\u017eju<br>SGT at Arms se pobrine da po\u0161tuje sve zakone i pravila kluba. Osigurava da se svi nalozi komisije izvr\u0161avaju \u0161to je br\u017ee mogu\u0107e i odr\u017eava red na svim klupskim doga\u0111ajima. Ako vidi da se neki \u010dlan pona\u0161a na na\u010din koji nije podr\u017ean od strane Kluba, on to prijavljuje komisiji. SGT at Arms je zadu\u017een da skine zakrpe i boje sa \u010dlanova koji su uklonjeni iz kluba penzionisanjem, ostavkom, opozivom ili isklju\u010denjem. SGT at Arms brani i \u0161titi \u010dlanove kluba i izglede i direktno je odgovoran za njihovu sigurnost i sigurnost. Vodi evidenciju podataka koji se odnose na sigurnost kluba. Ako uo\u010di bilo koju vrstu prijetnje ili uo\u010denu prijetnju klubu na bilo koji na\u010din, obavijestit \u0107e to Izvr\u0161ni komitet kako bi se glasalo o odgovaraju\u0107im mjerama. SGT at Arms \u010duva vatreno oru\u017eje i oru\u017eje klubova.<\/p>\n\n\n\n<p>Kapetan puta<br>Kapetan puta planira sve vo\u017enje kluba i unaprijed govori sekretaru planove za vo\u017enju u vo\u017enji je on taj \u010din ako predsjednik i potpredsjednik nisu prisutni i stoga vodi formaciju kluba u vo\u017enji. Ako je predsjednik spreda kapetan puta se vozi ispred grupe s predsjednikom. On je zadu\u017een za provo\u0111enje svih pravila kluba dok traje vo\u017enja i bira nadzornika za odr\u017eavanje svih klupskih vozila dok je vo\u017enja.<\/p>\n\n\n\n<p>sekretar<br>Sekretar je odgovoran za vo\u0111enje svih klupskih evidencija, pisanih izvje\u0161taja i prepiske izme\u0111u vanjskih organizacija. On saziva ulogu na sastancima odbora i vodi bele\u0161ke o svakom sastanku. On je tako\u0111er odgovoran da obavijesti sve \u010dlanove o posebnim terminima i datumima sastanaka osim uobi\u010dajeno zakazanih sastanaka. Sekretar je zadu\u017een da obavijesti bilo kojeg \u010dlana o izboru ili imenovanju ako je izvr\u0161eno dok oni nisu bili prisutni na sastanku. On odr\u017eava statut kluba uz napomenu o svim njegovim promjenama i vodi svu pisanu klupsku korespondenciju.<\/p>\n\n\n\n<p>Blagajnik<br>Blagajnik vodi svu finansijsku evidenciju kluba. On ubira prihod od svih poslova i odgovoran je za pla\u0107anje svih ra\u010duna ili tro\u0161kova kluba, a vodi pisanu evidenciju. Blagajnik izvje\u0161\u0107uje \u010dlanove o statusu kluba o dugovima i dospjelim pla\u0107anjima na svakom sastanku komisije. On tako\u0111er mo\u017ee dostaviti odboru pisani izvje\u0161taj o finansijskom stanju na godi\u0161njim sastancima. Blagajnik je tako\u0111er odgovoran za odr\u017eavanje svih klupskih oznaka koje nisu izdate, kao i evidenciju o zakrpama i bojama koje svaki \u010dlan ima u svom posjedu. Blagajnik napla\u0107uje sve naknade i kazne od \u010dlanova kluba.<\/p>\n\n\n\n<p>Enforcer<br>Enforcer osigurava da se svi \u010dlanovi pridr\u017eavaju zakona i pravila kluba. On \u0161titi sve nositelje zakrpa i \u0161titi reputaciju kluba u bilo kojoj vrsti sukoba. Enforcer poma\u017ee svim \u010dlanovima kluba u borbi bilo koje vrste, uklju\u010duju\u0107i bilo koju vrstu oru\u017eja ili borbe \u0161akama.<\/p>\n\n\n\n<p>Prospect<br>Prospect je osoba koja bi se htjela pridru\u017eiti klubu, ali jo\u0161 uvijek treba da zaradi svoju zakrpu. \u010clanovi zakrpe upu\u0107uju potencijalnog klijenta da obavlja odre\u0111ene du\u017enosti koje variraju i nadgledaju ga kako bi bili sigurni da su ispunjeni. Potencijal \u0107e se mo\u017eda morati uklju\u010diti u nezakonite aktivnosti kako bi izvr\u0161io zahtjeve \u010dlanova zakrpe. Prospect nema pravo glasa, jer nije \u010dlan Izvr\u0161nog odbora. Potencijalni potencijalni klijent mo\u017ee preuzeti motore sa policijskih zaplenjenih parcela i \u010duvati sve motore dok je klub na sastanku. Prospekti daju sve od sebe da po\u0161tuju sva klupska pravila i doka\u017eu da su dostojni biti \u010dlan kluba i zaslu\u017eiti zakrpu ili grb.Prospekti se mogu baviti sitnim zadacima i moraju izdr\u017eati odre\u0111eni nivo podmetanja od strane \u010dlanova kluba. Neki klubovi dozvoljavaju Prospektima da nose ime kluba na pole\u0111ini svog kroja ili prsluka, ali bez punog logotipa kluba. Izvr\u0161ni komitet glasa za potencijalnog klijenta u klubu i mora se zakleti na lojalnost klubu i svim \u010dlanovima kako bi dobili njegovi grb.Mo\u017ee se nazvati punopravnim \u010dlanom zakrpe ili zakrpljenim.<\/p>\n\n\n\n<p>\u010clan<br>\u010clan se tako\u0111er naziva Patch Member ili Rider. \u010clanovi su zaslu\u017eili svoju zakrpu nakon \u0161to su diplomirali na Prospectu. Imaju pravo da nose boje kluba i da prisustvuju sastancima kluba. Neki klubovi ih jednostavno zovu Patches.<\/p>\n\n\n\n<p>Kapelane<br>Klub kapelan se u nekim poglavljima mo\u017ee zvati i Mudri. Ovaj \u010dlan nadgleda sve duhovne potrebe kluba. Poma\u017ee na svaki mogu\u0107i na\u010din kada \u010dlan ide u zatvor da bi mogao da ih za\u0161titi. Tako\u0111er obavlja sve sahrane i vjen\u010danja unutar kluba. Kapelan u suradnji s predsjednikom odlu\u010duje kada je potencijalni potencijalni klijent spreman da primi svoju zakrpu. Kapelan mo\u017ee biti pripadnik bilo koje vjere. Mo\u017eda je pro\u0161ao obuku u podru\u010dju kapelana umjesto da postane \u010dlan sve\u0161tenstva ili zare\u0111eni slu\u017ebenik vjere.<\/p>\n","protected":false},"excerpt":{"rendered":"<p>FounderOsniva\u010d moto kluba je osoba ili osobe koje zapo\u010dinju odre\u0111eno poglavlje unutar grupe. \u010cim dobiju svoj motocikl, smatraju se osniva\u010dima, kao kreatorom poglavlja. Ako je osniva\u010d aktivan u ogranku, smatrat \u0107e se predsjednikom i imati iste du\u017enosti kao predsjednik. Ako postoji osniva\u010d i suosniva\u010d ili dva suosniva\u010da, oni \u0107e najvjerovatnije&#8230;<\/p>\n","protected":false},"author":1,"featured_media":0,"parent":0,"menu_order":0,"comment_status":"closed","ping_status":"closed","template":"","meta":{"footnotes":""},"class_list":["post-1272","page","type-page","status-publish","hentry"],"_links":{"self":[{"href":"https:\/\/mkbalkan.com\/index.php?rest_route=\/wp\/v2\/pages\/1272","targetHints":{"allow":["GET"]}}],"collection":[{"href":"https:\/\/mkbalkan.com\/index.php?rest_route=\/wp\/v2\/pages"}],"about":[{"href":"https:\/\/mkbalkan.com\/index.php?rest_route=\/wp\/v2\/types\/page"}],"author":[{"embeddable":true,"href":"https:\/\/mkbalkan.com\/index.php?rest_route=\/wp\/v2\/users\/1"}],"replies":[{"embeddable":true,"href":"https:\/\/mkbalkan.com\/index.php?rest_route=%2Fwp%2Fv2%2Fcomments&post=1272"}],"version-history":[{"count":1,"href":"https:\/\/mkbalkan.com\/index.php?rest_route=\/wp\/v2\/pages\/1272\/revisions"}],"predecessor-version":[{"id":1273,"href":"https:\/\/mkbalkan.com\/index.php?rest_route=\/wp\/v2\/pages\/1272\/revisions\/1273"}],"wp:attachment":[{"href":"https:\/\/mkbalkan.com\/index.php?rest_route=%2Fwp%2Fv2%2Fmedia&parent=1272"}],"curies":[{"name":"wp","href":"https:\/\/api.w.org\/{rel}","templated":true}]}}