{"id":1356,"date":"2023-01-27T12:09:42","date_gmt":"2023-01-27T12:09:42","guid":{"rendered":"https:\/\/mkbalkan.com\/?page_id=1356"},"modified":"2023-02-13T19:38:30","modified_gmt":"2023-02-13T19:38:30","slug":"sljedece-okupljanje","status":"publish","type":"page","link":"https:\/\/mkbalkan.com\/?page_id=1356","title":{"rendered":"Sljede\u0107e okupljanje"},"content":{"rendered":"\n<p>Kalendar moto skupova mo\u017eete prona\u0107i na Web stranici Moto Susreti. <\/p>\n\n\n\n<p>Kalendar se redovno a\u017eurira&#8230;<\/p>\n\n\n\n<ul class=\"wp-block-list\">\n<li><\/li>\n<\/ul>\n\n\n\n<div class=\"wp-block-media-text alignwide is-stacked-on-mobile is-vertically-aligned-center\"><figure class=\"wp-block-media-text__media\"><a href=\"https:\/\/motosusreti.com\/lista\" target=\"_blank\" rel=\"noreferrer noopener\"><img loading=\"lazy\" decoding=\"async\" width=\"700\" height=\"596\" src=\"https:\/\/mkbalkan.com\/wp-content\/uploads\/2023\/02\/motosusreti.png\" alt=\"\" class=\"wp-image-1428 size-full\" srcset=\"https:\/\/mkbalkan.com\/wp-content\/uploads\/2023\/02\/motosusreti.png 700w, https:\/\/mkbalkan.com\/wp-content\/uploads\/2023\/02\/motosusreti-300x255.png 300w\" sizes=\"auto, (max-width: 700px) 100vw, 700px\" \/><\/a><\/figure><div class=\"wp-block-media-text__content\">\n<p>Sljede\u0107a okupljanja mo\u017eete prona\u0107i na Web stranici Moto Susreti &#8211; Kalendar moto skupova \/ susreta<\/p>\n<\/div><\/div>\n","protected":false},"excerpt":{"rendered":"<p>Kalendar moto skupova mo\u017eete prona\u0107i na Web stranici Moto Susreti&#8230;<\/p>\n","protected":false},"author":1,"featured_media":0,"parent":0,"menu_order":0,"comment_status":"closed","ping_status":"closed","template":"","meta":{"footnotes":""},"class_list":["post-1356","page","type-page","status-publish","hentry"],"_links":{"self":[{"href":"https:\/\/mkbalkan.com\/index.php?rest_route=\/wp\/v2\/pages\/1356","targetHints":{"allow":["GET"]}}],"collection":[{"href":"https:\/\/mkbalkan.com\/index.php?rest_route=\/wp\/v2\/pages"}],"about":[{"href":"https:\/\/mkbalkan.com\/index.php?rest_route=\/wp\/v2\/types\/page"}],"author":[{"embeddable":true,"href":"https:\/\/mkbalkan.com\/index.php?rest_route=\/wp\/v2\/users\/1"}],"replies":[{"embeddable":true,"href":"https:\/\/mkbalkan.com\/index.php?rest_route=%2Fwp%2Fv2%2Fcomments&post=1356"}],"version-history":[{"count":5,"href":"https:\/\/mkbalkan.com\/index.php?rest_route=\/wp\/v2\/pages\/1356\/revisions"}],"predecessor-version":[{"id":1433,"href":"https:\/\/mkbalkan.com\/index.php?rest_route=\/wp\/v2\/pages\/1356\/revisions\/1433"}],"wp:attachment":[{"href":"https:\/\/mkbalkan.com\/index.php?rest_route=%2Fwp%2Fv2%2Fmedia&parent=1356"}],"curies":[{"name":"wp","href":"https:\/\/api.w.org\/{rel}","templated":true}]}}